{"id":1731,"date":"2025-03-23T23:52:15","date_gmt":"2025-03-23T23:52:15","guid":{"rendered":"https:\/\/nomadnautic.com\/aviso-legal-imprint\/"},"modified":"2025-05-04T14:42:58","modified_gmt":"2025-05-04T14:42:58","slug":"legal-notice-2","status":"publish","type":"page","link":"https:\/\/nomadnautic.com\/ca\/legal-notice-2\/","title":{"rendered":"Av\u00eds Legal"},"content":{"rendered":"<!-- Legal document generated by Complianz | GDPR\/CCPA Cookie Consent https:\/\/wordpress.org\/plugins\/complianz-gdpr -->\n<div id=\"cmplz-document\" class=\"cmplz-document impressum cmplz-document-all\"><p><i>Aquesta impressi\u00f3 es va actualitzar per \u00faltima vegada el 16\/04\/2025.<\/i><\/p><p class=\"cmplz-subtitle\">El propietari d&#039;aquest lloc web \u00e9s:<\/p><p>Nomad Nautic S.L. S.L.<br>Carrer Pompeu Fabra, N\u00ba2, Planta 2, Puerta1 08390 MONTGAT (BARCELONA)<br>Espanya<br>Correu electr\u00f2nic:&nbsp;&#105;n&#102;&#111;&#064;&#110;om&#097;d&#110;&#097;utic.c&#111;&#109;<br>Phone number: +34 672 23 73 33<br>n\u00famero d&#8217;IVA:&nbsp;B09889965<\/p><h2>1. General<\/h2><p class=\"cmplz-subtitle\">1.1 Estem registrats a Registro Mercantil de Barcelona amb la llic\u00e8ncia o el n\u00famero de registre:<\/p><p><\/p><p class=\"cmplz-subtitle\">1.2 Les seg\u00fcents normes i normes professionals s&#039;apliquen a la nostra organitzaci\u00f3:<\/p><p>Regimen del Mar<\/p><p>Estem disposats o obligats a participar en procediments de resoluci\u00f3 de disputes davant una junta d&#8217;arbitratge de consum.<\/p><h2>2. La informaci\u00f3 seg\u00fcent \u00e9s obligat\u00f2ria segons la llei alemanya.<\/h2><\/div>\n\n\n<p><\/p>","protected":false},"excerpt":{"rendered":"","protected":false},"author":5,"featured_media":0,"parent":0,"menu_order":0,"comment_status":"closed","ping_status":"closed","template":"","meta":{"footnotes":""},"class_list":["post-1731","page","type-page","status-publish","hentry"],"blocksy_meta":[],"_links":{"self":[{"href":"https:\/\/nomadnautic.com\/ca\/wp-json\/wp\/v2\/pages\/1731","targetHints":{"allow":["GET"]}}],"collection":[{"href":"https:\/\/nomadnautic.com\/ca\/wp-json\/wp\/v2\/pages"}],"about":[{"href":"https:\/\/nomadnautic.com\/ca\/wp-json\/wp\/v2\/types\/page"}],"author":[{"embeddable":true,"href":"https:\/\/nomadnautic.com\/ca\/wp-json\/wp\/v2\/users\/5"}],"replies":[{"embeddable":true,"href":"https:\/\/nomadnautic.com\/ca\/wp-json\/wp\/v2\/comments?post=1731"}],"version-history":[{"count":3,"href":"https:\/\/nomadnautic.com\/ca\/wp-json\/wp\/v2\/pages\/1731\/revisions"}],"predecessor-version":[{"id":1985,"href":"https:\/\/nomadnautic.com\/ca\/wp-json\/wp\/v2\/pages\/1731\/revisions\/1985"}],"wp:attachment":[{"href":"https:\/\/nomadnautic.com\/ca\/wp-json\/wp\/v2\/media?parent=1731"}],"curies":[{"name":"wp","href":"https:\/\/api.w.org\/{rel}","templated":true}]}}