{"id":1731,"date":"2025-03-23T23:52:15","date_gmt":"2025-03-23T23:52:15","guid":{"rendered":"https:\/\/nomadnautic.com\/aviso-legal-imprint\/"},"modified":"2025-05-04T14:42:58","modified_gmt":"2025-05-04T14:42:58","slug":"legal-notice-2","status":"publish","type":"page","link":"https:\/\/nomadnautic.com\/es\/legal-notice-2\/","title":{"rendered":"Aviso Legal"},"content":{"rendered":"<!-- Legal document generated by Complianz | GDPR\/CCPA Cookie Consent https:\/\/wordpress.org\/plugins\/complianz-gdpr -->\n<div id=\"cmplz-document\" class=\"cmplz-document impressum cmplz-document-all\"><p><i>Este aviso legal \/ imprint fue actualizado por \u00faltima vez el 16\/04\/2025.<\/i><\/p><p class=\"cmplz-subtitle\">El propietario de esta web es:<\/p><p>Nomad Nautic S.L. S.L.<br>Carrer Pompeu Fabra, N\u00ba2, Planta 2, Puerta1 08390 MONTGAT (BARCELONA)<br>Espa\u00f1a<br>Correo electr\u00f3nico:&nbsp;&#105;&#110;&#102;&#111;&#064;&#110;&#111;&#109;&#097;d&#110;a&#117;t&#105;c.&#099;&#111;&#109;<br>N\u00famero de tel\u00e9fono: +34 672 23 73 33<br>CIF (N\u00famero de IVA):&nbsp;B09889965<\/p><h2>1. General<\/h2><p class=\"cmplz-subtitle\">1.1 Estamos registrados en Registro Mercantil de Barcelona bajo el n\u00famero de licencia o registro:<\/p><p><\/p><p class=\"cmplz-subtitle\">1.2 Las siguientes Normas y Regulaciones profesionales se aplican a nuestra organizaci\u00f3n:<\/p><p>Regimen del Mar<\/p><p>Estamos dispuestos u obligados a participar en procedimientos de resoluci\u00f3n de conflictos ante una junta de arbitraje de consumo.<\/p><h2>2. La siguiente informaci\u00f3n es obligatoria seg\u00fan la legislaci\u00f3n alemana.<\/h2><\/div>\n\n\n<p><\/p>","protected":false},"excerpt":{"rendered":"","protected":false},"author":5,"featured_media":0,"parent":0,"menu_order":0,"comment_status":"closed","ping_status":"closed","template":"","meta":{"footnotes":""},"class_list":["post-1731","page","type-page","status-publish","hentry"],"blocksy_meta":[],"_links":{"self":[{"href":"https:\/\/nomadnautic.com\/es\/wp-json\/wp\/v2\/pages\/1731","targetHints":{"allow":["GET"]}}],"collection":[{"href":"https:\/\/nomadnautic.com\/es\/wp-json\/wp\/v2\/pages"}],"about":[{"href":"https:\/\/nomadnautic.com\/es\/wp-json\/wp\/v2\/types\/page"}],"author":[{"embeddable":true,"href":"https:\/\/nomadnautic.com\/es\/wp-json\/wp\/v2\/users\/5"}],"replies":[{"embeddable":true,"href":"https:\/\/nomadnautic.com\/es\/wp-json\/wp\/v2\/comments?post=1731"}],"version-history":[{"count":3,"href":"https:\/\/nomadnautic.com\/es\/wp-json\/wp\/v2\/pages\/1731\/revisions"}],"predecessor-version":[{"id":1985,"href":"https:\/\/nomadnautic.com\/es\/wp-json\/wp\/v2\/pages\/1731\/revisions\/1985"}],"wp:attachment":[{"href":"https:\/\/nomadnautic.com\/es\/wp-json\/wp\/v2\/media?parent=1731"}],"curies":[{"name":"wp","href":"https:\/\/api.w.org\/{rel}","templated":true}]}}