{"id":1731,"date":"2025-03-23T23:52:15","date_gmt":"2025-03-23T23:52:15","guid":{"rendered":"https:\/\/nomadnautic.com\/aviso-legal-imprint\/"},"modified":"2025-05-04T14:42:58","modified_gmt":"2025-05-04T14:42:58","slug":"legal-notice-2","status":"publish","type":"page","link":"https:\/\/nomadnautic.com\/fr\/legal-notice-2\/","title":{"rendered":"Avis L\u00e9gal"},"content":{"rendered":"<!-- Legal document generated by Complianz | GDPR\/CCPA Cookie Consent https:\/\/wordpress.org\/plugins\/complianz-gdpr -->\n<div id=\"cmplz-document\" class=\"cmplz-document impressum cmplz-document-all\"><p><i>Cette imprint a \u00e9t\u00e9 mise \u00e0 jour pour la derni\u00e8re fois le 16\/04\/2025.<\/i><\/p><p class=\"cmplz-subtitle\">Le propri\u00e9taire de ce site web est\u00a0:<\/p><p>Nomad Nautic S.L. S.L.<br>Carrer Pompeu Fabra, N\u00ba2, Planta 2, Puerta1 08390 MONTGAT (BARCELONA)<br>Espagne<br>E-mail\u00a0:&nbsp;i&#110;&#102;o&#064;nom&#097;&#100;n&#097;&#117;tic.&#099;&#111;m<br>Phone number: +34 672 23 73 33<br>ID TVA\u00a0:&nbsp;B09889965<\/p><h2>1. G\u00e9n\u00e9ral<\/h2><p class=\"cmplz-subtitle\">1.1 Nous sommes enregistr\u00e9s chez Registro Mercantil de Barcelona sous le num\u00e9ro de licence ou d\u2019enregistrement\u00a0:<\/p><p><\/p><p class=\"cmplz-subtitle\">1.2 Les r\u00e8gles et r\u00e8glements professionnels suivants s\u2019appliquent \u00e0 notre organisation\u00a0:<\/p><p>Regimen del Mar<\/p><p>Nous sommes dispos\u00e9s ou oblig\u00e9s de participer \u00e0 des proc\u00e9dures de r\u00e8glement des litiges devant une commission d\u2019arbitrage des consommateurs.<\/p><h2>2. Les informations suivantes sont obligatoires selon la loi allemande.<\/h2><\/div>\n\n\n<p><\/p>","protected":false},"excerpt":{"rendered":"","protected":false},"author":5,"featured_media":0,"parent":0,"menu_order":0,"comment_status":"closed","ping_status":"closed","template":"","meta":{"footnotes":""},"class_list":["post-1731","page","type-page","status-publish","hentry"],"blocksy_meta":[],"_links":{"self":[{"href":"https:\/\/nomadnautic.com\/fr\/wp-json\/wp\/v2\/pages\/1731","targetHints":{"allow":["GET"]}}],"collection":[{"href":"https:\/\/nomadnautic.com\/fr\/wp-json\/wp\/v2\/pages"}],"about":[{"href":"https:\/\/nomadnautic.com\/fr\/wp-json\/wp\/v2\/types\/page"}],"author":[{"embeddable":true,"href":"https:\/\/nomadnautic.com\/fr\/wp-json\/wp\/v2\/users\/5"}],"replies":[{"embeddable":true,"href":"https:\/\/nomadnautic.com\/fr\/wp-json\/wp\/v2\/comments?post=1731"}],"version-history":[{"count":3,"href":"https:\/\/nomadnautic.com\/fr\/wp-json\/wp\/v2\/pages\/1731\/revisions"}],"predecessor-version":[{"id":1985,"href":"https:\/\/nomadnautic.com\/fr\/wp-json\/wp\/v2\/pages\/1731\/revisions\/1985"}],"wp:attachment":[{"href":"https:\/\/nomadnautic.com\/fr\/wp-json\/wp\/v2\/media?parent=1731"}],"curies":[{"name":"wp","href":"https:\/\/api.w.org\/{rel}","templated":true}]}}